{"id":1309,"date":"2023-09-11T18:44:35","date_gmt":"2023-09-11T21:44:35","guid":{"rendered":"https:\/\/adcleantech.com\/?page_id=1309"},"modified":"2025-12-23T15:16:32","modified_gmt":"2025-12-23T18:16:32","slug":"nosotros","status":"publish","type":"page","link":"https:\/\/adcleantech.com\/en\/nosotros\/","title":{"rendered":"About Us"},"content":{"rendered":"<p>[et_pb_section fb_built=\u00bb1&#8243; fullwidth=\u00bbon\u00bb admin_label=\u00bbPage Header\u00bb _builder_version=\u00bb4.22.2&#8243; background_image=\u00bbhttps:\/\/adcleantech.com\/wp-content\/uploads\/2023\/09\/header-nosotros13sept.png\u00bb height=\u00bb400px\u00bb global_colors_info=\u00bb{}\u00bb][et_pb_fullwidth_header title=\u00bbLa f\u00f3rmula perfecta entre efectividad e inocuidad\u00bb content_max_width_tablet=\u00bb49%\u00bb content_max_width_phone=\u00bb100%\u00bb content_max_width_last_edited=\u00bbon|phone\u00bb admin_label=\u00bbHero Section\u00bb _builder_version=\u00bb4.22.2&#8243; title_font=\u00bb|800|||||||\u00bb title_font_size=\u00bb56px\u00bb title_line_height=\u00bb1.1em\u00bb subhead_font=\u00bb|800|||||||\u00bb subhead_font_size=\u00bb21px\u00bb subhead_line_height=\u00bb2em\u00bb background_color=\u00bbrgba(255, 255, 255, 0)\u00bb use_background_color_gradient=\u00bbon\u00bb background_color_gradient_stops=\u00bbrgba(58,52,226,0.4) 0%|rgba(73,108,220,0.7) 100%\u00bb background_color_gradient_start=\u00bbrgba(58,52,226,0.4)\u00bb background_color_gradient_end=\u00bbrgba(73,108,220,0.7)\u00bb custom_button_two=\u00bbon\u00bb button_two_text_size=\u00bb16px\u00bb button_two_border_width=\u00bb2px\u00bb button_two_border_color=\u00bb#ffffff\u00bb button_two_border_radius=\u00bb0&#8243; button_two_font=\u00bbMontserrat|||on|\u00bb button_two_use_icon=\u00bboff\u00bb module_alignment=\u00bbleft\u00bb height=\u00bb400px\u00bb custom_padding=\u00bb80px||80px||true|false\u00bb animation_style=\u00bbfade\u00bb title_font_size_tablet=\u00bb56px\u00bb title_font_size_phone=\u00bb35px\u00bb title_font_size_last_edited=\u00bbon|phone\u00bb button_one_text_color_hover=\u00bb#6eba01&#8243; button_two_text_color_hover=\u00bb#6eba01&#8243; button_one_border_color_hover=\u00bb#ffffff\u00bb button_two_border_color_hover=\u00bb#ffffff\u00bb button_one_border_radius_hover=\u00bb0&#8243; button_two_border_radius_hover=\u00bb0&#8243; button_one_letter_spacing_hover=\u00bb2&#8243; button_two_letter_spacing_hover=\u00bb2&#8243; button_one_bg_color_hover=\u00bb#ffffff\u00bb button_two_bg_color_hover=\u00bb#ffffff\u00bb global_colors_info=\u00bb{}\u00bb button_one_text_size__hover_enabled=\u00bboff\u00bb button_two_text_size__hover_enabled=\u00bboff\u00bb button_one_text_color__hover_enabled=\u00bbon\u00bb button_one_text_color__hover=\u00bb#6eba01&#8243; button_two_text_color__hover_enabled=\u00bbon\u00bb button_two_text_color__hover=\u00bb#6eba01&#8243; button_one_border_width__hover_enabled=\u00bboff\u00bb button_two_border_width__hover_enabled=\u00bboff\u00bb button_one_border_color__hover_enabled=\u00bbon\u00bb button_one_border_color__hover=\u00bb#ffffff\u00bb button_two_border_color__hover_enabled=\u00bbon\u00bb button_two_border_color__hover=\u00bb#ffffff\u00bb button_one_border_radius__hover_enabled=\u00bbon\u00bb button_one_border_radius__hover=\u00bb0&#8243; button_two_border_radius__hover_enabled=\u00bbon\u00bb button_two_border_radius__hover=\u00bb0&#8243; button_one_letter_spacing__hover_enabled=\u00bbon\u00bb button_one_letter_spacing__hover=\u00bb2&#8243; button_two_letter_spacing__hover_enabled=\u00bbon\u00bb button_two_letter_spacing__hover=\u00bb2&#8243; button_one_bg_color__hover_enabled=\u00bbon\u00bb button_one_bg_color__hover=\u00bb#ffffff\u00bb button_two_bg_color__hover_enabled=\u00bbon\u00bb button_two_bg_color__hover=\u00bb#ffffff\u00bb][\/et_pb_fullwidth_header][\/et_pb_section][et_pb_section fb_built=\u00bb1&#8243; admin_label=\u00bbProjects\u00bb _builder_version=\u00bb4.16&#8243; background_enable_image=\u00bboff\u00bb background_size=\u00bbcontain\u00bb custom_padding=\u00bb65px||2px|||\u00bb global_colors_info=\u00bb{}\u00bb][et_pb_row _builder_version=\u00bb4.23.4&#8243; _module_preset=\u00bbdefault\u00bb custom_padding=\u00bb||4px|||\u00bb global_colors_info=\u00bb{}\u00bb][et_pb_column type=\u00bb4_4&#8243; _builder_version=\u00bb4.16&#8243; _module_preset=\u00bbdefault\u00bb global_colors_info=\u00bb{}\u00bb][et_pb_text _builder_version=\u00bb4.23.4&#8243; _module_preset=\u00bbdefault\u00bb text_line_height=\u00bb1.9em\u00bb header_4_font=\u00bbbrandon_blk||||||||\u00bb text_orientation=\u00bbcenter\u00bb custom_margin=\u00bb||40px|||\u00bb animation_style=\u00bbfade\u00bb animation_direction=\u00bbright\u00bb inline_fonts=\u00bbbrandon-grotesque-black\u00bb global_colors_info=\u00bb{}\u00bb]<\/p>\n<p style=\"text-align: left;\"><span style=\"color: #7c52ff;\"><strong>Somos el \u00e1rea de soluciones industriales de AdClean, <\/strong><\/span><span>dedicados a desarrollar soluciones industriales basadas en tecnolog\u00edas innovadoras que revolucionan los productos qu\u00edmicos tradicionales. Ofrecemos alternativas seguras y poderosas al cloro, alcohol, soda c\u00e1ustica y amonio cuaternario.<\/span><\/p>\n<p style=\"text-align: left;\"><span style=\"font-weight: 400;\">Nuestras avanzadas tecnolog\u00edas superan los est\u00e1ndares tradicionales en sostenibilidad, eficiencia y seguridad, <span style=\"color: #7c52ff;\"><strong>permitiendo a las grandes empresas reducir costos y minimizar su impacto ambiental, proporcionando soluciones innovadoras que cumplen con los m\u00e1s altos est\u00e1ndares de calidad.<\/strong><\/span><\/span><\/p>\n<p style=\"text-align: left;\"><span style=\"font-weight: 400;\">Nuestra gama de productos y soluciones industriales se basa en nuestra tecnolog\u00eda \u00fanica, ofreciendo alternativas seguras, biodegradables y libres de qu\u00edmicos t\u00f3xicos. En AdTech, estamos comprometidos con la excelencia en la limpieza y desinfecci\u00f3n industrial, priorizando la eficiencia, seguridad y protecci\u00f3n del medio ambiente.<\/span><\/p>\n<p>[\/et_pb_text][\/et_pb_column][\/et_pb_row][et_pb_row column_structure=\u00bb1_3,1_3,1_3&#8243; admin_label=\u00bbServices Area\u00bb _builder_version=\u00bb4.23.4&#8243; global_colors_info=\u00bb{}\u00bb][et_pb_column type=\u00bb1_3&#8243; _builder_version=\u00bb4.16&#8243; custom_padding=\u00bb|||\u00bb global_colors_info=\u00bb{}\u00bb custom_padding__hover=\u00bb|||\u00bb][et_pb_image src=\u00bbhttps:\/\/adcleantech.com\/wp-content\/uploads\/2023\/09\/icono-adtech-20.png\u00bb title_text=\u00bbicono-adtech 20&#8243; align_tablet=\u00bbleft\u00bb align_phone=\u00bbleft\u00bb align_last_edited=\u00bbon|tablet\u00bb _builder_version=\u00bb4.22.2&#8243; max_width=\u00bb80px\u00bb custom_margin=\u00bb|||\u00bb global_colors_info=\u00bb{}\u00bb][\/et_pb_image][et_pb_cta title=\u00bbNO t\u00f3xico\u00bb button_url=\u00bb#\u00bb admin_label=\u00bbService\u00bb _builder_version=\u00bb4.22.1&#8243; header_font=\u00bb|600|||||||\u00bb header_text_color=\u00bb#2a2a2a\u00bb header_font_size=\u00bb18px\u00bb header_line_height=\u00bb1.4em\u00bb body_font=\u00bb||||||||\u00bb body_text_color=\u00bb#666666&#8243; use_background_color=\u00bboff\u00bb custom_button=\u00bbon\u00bb button_text_size=\u00bb14px\u00bb button_text_color=\u00bb#8b20bb\u00bb button_bg_color=\u00bbrgba(0,0,0,0)\u00bb button_border_width=\u00bb0px\u00bb button_letter_spacing=\u00bb2px\u00bb button_font=\u00bbPoppins|600||on|||||\u00bb button_icon=\u00bb&#x24;||divi||400&#8243; button_alignment=\u00bbleft\u00bb text_orientation=\u00bbleft\u00bb custom_margin=\u00bb|||\u00bb custom_padding=\u00bb|||\u00bb animation_style=\u00bbfade\u00bb global_colors_info=\u00bb{}\u00bb button_text_size__hover_enabled=\u00bboff\u00bb button_one_text_size__hover_enabled=\u00bboff\u00bb button_two_text_size__hover_enabled=\u00bboff\u00bb button_text_color__hover_enabled=\u00bboff\u00bb button_one_text_color__hover_enabled=\u00bboff\u00bb button_two_text_color__hover_enabled=\u00bboff\u00bb button_border_width__hover_enabled=\u00bboff\u00bb button_one_border_width__hover_enabled=\u00bboff\u00bb button_two_border_width__hover_enabled=\u00bboff\u00bb button_border_color__hover_enabled=\u00bboff\u00bb button_one_border_color__hover_enabled=\u00bboff\u00bb button_two_border_color__hover_enabled=\u00bboff\u00bb button_border_radius__hover_enabled=\u00bboff\u00bb button_one_border_radius__hover_enabled=\u00bboff\u00bb button_two_border_radius__hover_enabled=\u00bboff\u00bb button_letter_spacing__hover_enabled=\u00bboff\u00bb button_one_letter_spacing__hover_enabled=\u00bboff\u00bb button_two_letter_spacing__hover_enabled=\u00bboff\u00bb button_bg_color__hover_enabled=\u00bboff\u00bb button_one_bg_color__hover_enabled=\u00bboff\u00bb button_two_bg_color__hover_enabled=\u00bboff\u00bb]<\/p>\n<p>Mejora la seguridad en el lugar de trabajo, elimina el riesgo de accidentes y reduce el impacto ambiental.<\/p>\n<p>[\/et_pb_cta][\/et_pb_column][et_pb_column type=\u00bb1_3&#8243; _builder_version=\u00bb4.16&#8243; custom_padding=\u00bb|||\u00bb global_colors_info=\u00bb{}\u00bb custom_padding__hover=\u00bb|||\u00bb][et_pb_image src=\u00bbhttps:\/\/adcleantech.com\/wp-content\/uploads\/2023\/09\/icono-adtech-21.png\u00bb title_text=\u00bbicono-adtech 21&#8243; align_tablet=\u00bbleft\u00bb align_phone=\u00bbleft\u00bb align_last_edited=\u00bbon|tablet\u00bb _builder_version=\u00bb4.16&#8243; max_width=\u00bb80px\u00bb custom_margin=\u00bb|||\u00bb global_colors_info=\u00bb{}\u00bb][\/et_pb_image][et_pb_cta title=\u00bbNo contaminantes\u00bb button_url=\u00bb#\u00bb admin_label=\u00bbService\u00bb _builder_version=\u00bb4.22.1&#8243; header_font=\u00bb|600|||||||\u00bb header_text_color=\u00bb#2a2a2a\u00bb header_font_size=\u00bb18px\u00bb header_line_height=\u00bb1.4em\u00bb body_font=\u00bb||||||||\u00bb body_text_color=\u00bb#666666&#8243; use_background_color=\u00bboff\u00bb custom_button=\u00bbon\u00bb button_text_size=\u00bb14px\u00bb button_text_color=\u00bb#8b20bb\u00bb button_bg_color=\u00bbrgba(0,0,0,0)\u00bb button_border_width=\u00bb0px\u00bb button_letter_spacing=\u00bb2px\u00bb button_font=\u00bbPoppins|600||on|||||\u00bb button_icon=\u00bb&#x24;||divi||400&#8243; button_alignment=\u00bbleft\u00bb text_orientation=\u00bbleft\u00bb custom_margin=\u00bb|||\u00bb custom_padding=\u00bb|||\u00bb animation_style=\u00bbfade\u00bb global_colors_info=\u00bb{}\u00bb button_text_size__hover_enabled=\u00bboff\u00bb button_one_text_size__hover_enabled=\u00bboff\u00bb button_two_text_size__hover_enabled=\u00bboff\u00bb button_text_color__hover_enabled=\u00bboff\u00bb button_one_text_color__hover_enabled=\u00bboff\u00bb button_two_text_color__hover_enabled=\u00bboff\u00bb button_border_width__hover_enabled=\u00bboff\u00bb button_one_border_width__hover_enabled=\u00bboff\u00bb button_two_border_width__hover_enabled=\u00bboff\u00bb button_border_color__hover_enabled=\u00bboff\u00bb button_one_border_color__hover_enabled=\u00bboff\u00bb button_two_border_color__hover_enabled=\u00bboff\u00bb button_border_radius__hover_enabled=\u00bboff\u00bb button_one_border_radius__hover_enabled=\u00bboff\u00bb button_two_border_radius__hover_enabled=\u00bboff\u00bb button_letter_spacing__hover_enabled=\u00bboff\u00bb button_one_letter_spacing__hover_enabled=\u00bboff\u00bb button_two_letter_spacing__hover_enabled=\u00bboff\u00bb button_bg_color__hover_enabled=\u00bboff\u00bb button_one_bg_color__hover_enabled=\u00bboff\u00bb button_two_bg_color__hover_enabled=\u00bboff\u00bb]<\/p>\n<p>Lo que lleva a que nuestra tecnolog\u00eda posea un compromiso con la sostenibilidad y las pr\u00e1cticas comerciales responsables.<\/p>\n<p>[\/et_pb_cta][\/et_pb_column][et_pb_column type=\u00bb1_3&#8243; _builder_version=\u00bb4.16&#8243; custom_padding=\u00bb|||\u00bb global_colors_info=\u00bb{}\u00bb custom_padding__hover=\u00bb|||\u00bb][et_pb_image src=\u00bbhttps:\/\/adcleantech.com\/wp-content\/uploads\/2023\/09\/icono-adtech-22-1.png\u00bb title_text=\u00bbicono-adtech 22&#8243; align_tablet=\u00bbleft\u00bb align_phone=\u00bbleft\u00bb align_last_edited=\u00bbon|phone\u00bb _builder_version=\u00bb4.16&#8243; max_width=\u00bb80px\u00bb custom_margin=\u00bb|||\u00bb global_colors_info=\u00bb{}\u00bb][\/et_pb_image][et_pb_cta title=\u00bbde alto performance\u00bb button_url=\u00bb#\u00bb admin_label=\u00bbService\u00bb _builder_version=\u00bb4.22.1&#8243; header_font=\u00bb|600|||||||\u00bb header_text_color=\u00bb#2a2a2a\u00bb header_font_size=\u00bb18px\u00bb header_line_height=\u00bb1.4em\u00bb body_font=\u00bb||||||||\u00bb body_text_color=\u00bb#666666&#8243; use_background_color=\u00bboff\u00bb custom_button=\u00bbon\u00bb button_text_size=\u00bb14px\u00bb button_text_color=\u00bb#8b20bb\u00bb button_bg_color=\u00bbrgba(0,0,0,0)\u00bb button_border_width=\u00bb0px\u00bb button_letter_spacing=\u00bb2px\u00bb button_font=\u00bbPoppins|600||on|||||\u00bb button_icon=\u00bb&#x24;||divi||400&#8243; button_alignment=\u00bbleft\u00bb text_orientation=\u00bbleft\u00bb custom_margin=\u00bb|||\u00bb custom_padding=\u00bb|||\u00bb animation_style=\u00bbfade\u00bb global_colors_info=\u00bb{}\u00bb button_text_size__hover_enabled=\u00bboff\u00bb button_one_text_size__hover_enabled=\u00bboff\u00bb button_two_text_size__hover_enabled=\u00bboff\u00bb button_text_color__hover_enabled=\u00bboff\u00bb button_one_text_color__hover_enabled=\u00bboff\u00bb button_two_text_color__hover_enabled=\u00bboff\u00bb button_border_width__hover_enabled=\u00bboff\u00bb button_one_border_width__hover_enabled=\u00bboff\u00bb button_two_border_width__hover_enabled=\u00bboff\u00bb button_border_color__hover_enabled=\u00bboff\u00bb button_one_border_color__hover_enabled=\u00bboff\u00bb button_two_border_color__hover_enabled=\u00bboff\u00bb button_border_radius__hover_enabled=\u00bboff\u00bb button_one_border_radius__hover_enabled=\u00bboff\u00bb button_two_border_radius__hover_enabled=\u00bboff\u00bb button_letter_spacing__hover_enabled=\u00bboff\u00bb button_one_letter_spacing__hover_enabled=\u00bboff\u00bb button_two_letter_spacing__hover_enabled=\u00bboff\u00bb button_bg_color__hover_enabled=\u00bboff\u00bb button_one_bg_color__hover_enabled=\u00bboff\u00bb button_two_bg_color__hover_enabled=\u00bboff\u00bb]<\/p>\n<p>Que supera a los productos qu\u00edmicos agresivos tradicionales.<\/p>\n<p>[\/et_pb_cta][\/et_pb_column][\/et_pb_row][\/et_pb_section][et_pb_section fb_built=\u00bb1&#8243; admin_label=\u00bbProjects\u00bb _builder_version=\u00bb4.16&#8243; background_enable_image=\u00bboff\u00bb background_size=\u00bbcontain\u00bb custom_padding=\u00bb4px||90px|||\u00bb global_colors_info=\u00bb{}\u00bb][et_pb_row column_structure=\u00bb1_3,2_3&#8243; _builder_version=\u00bb4.23.4&#8243; _module_preset=\u00bbdefault\u00bb global_colors_info=\u00bb{}\u00bb][et_pb_column type=\u00bb1_3&#8243; _builder_version=\u00bb4.16&#8243; _module_preset=\u00bbdefault\u00bb global_colors_info=\u00bb{}\u00bb][et_pb_text _builder_version=\u00bb4.22.2&#8243; _module_preset=\u00bbdefault\u00bb text_font=\u00bb|800||on|||||\u00bb text_text_color=\u00bb#7c52ff\u00bb text_font_size=\u00bb34px\u00bb text_line_height=\u00bb1.3em\u00bb header_font=\u00bb||||||||\u00bb header_text_color=\u00bb#7c52ff\u00bb header_font_size=\u00bb38px\u00bb header_line_height=\u00bb1.1em\u00bb global_colors_info=\u00bb{}\u00bb]<\/p>\n<h1>Porque el futuro es Regenerativo<\/h1>\n<p>[\/et_pb_text][\/et_pb_column][et_pb_column type=\u00bb2_3&#8243; _builder_version=\u00bb4.16&#8243; _module_preset=\u00bbdefault\u00bb global_colors_info=\u00bb{}\u00bb][et_pb_text _builder_version=\u00bb4.23.4&#8243; _module_preset=\u00bbdefault\u00bb header_4_font=\u00bb|800|||||||\u00bb header_4_font_size=\u00bb20px\u00bb header_4_line_height=\u00bb1.2em\u00bb animation_style=\u00bbfade\u00bb animation_direction=\u00bbright\u00bb hover_transition_speed_curve=\u00bbease-in\u00bb global_colors_info=\u00bb{}\u00bb]<\/p>\n<p>Nuestra tecnolog\u00eda se desarrolla a partir de elementos org\u00e1nicos, propios de la naturaleza, potenciados con la m\u00e1s avanzada tecnolog\u00eda para crear nuevas soluciones que mejoren radicalmente la vida de las personas.<\/p>\n<p><strong>Creemos firmemente que esta combinaci\u00f3n de tecnolog\u00eda y naturaleza es la clave para abordar los desaf\u00edos ambientales de hoy y del futuro.<\/strong><\/p>\n<p>[\/et_pb_text][\/et_pb_column][\/et_pb_row][et_pb_row _builder_version=\u00bb4.23.4&#8243; _module_preset=\u00bbdefault\u00bb custom_padding=\u00bb45px|||||\u00bb global_colors_info=\u00bb{}\u00bb][et_pb_column type=\u00bb4_4&#8243; _builder_version=\u00bb4.16&#8243; _module_preset=\u00bbdefault\u00bb global_colors_info=\u00bb{}\u00bb][et_pb_testimonial author=\u00bbMauricio Navarrete\u00bb job_title=\u00bbCEO &#8211; Founder\u00bb portrait_url=\u00bbhttps:\/\/adcleantech.com\/wp-content\/uploads\/2025\/06\/10-_MG_8103-scaled.jpg\u00bb quote_icon_color=\u00bb#7c52ff\u00bb portrait_width=\u00bb152px\u00bb portrait_height=\u00bb200px\u00bb _builder_version=\u00bb4.23.4&#8243; _module_preset=\u00bbdefault\u00bb body_line_height=\u00bb1.9em\u00bb author_font=\u00bb|700||on|||||\u00bb author_text_color=\u00bb#7c52ff\u00bb hover_enabled=\u00bb0&#8243; border_radii_portrait=\u00bbon|0px|0px|0px|0px\u00bb global_colors_info=\u00bb{}\u00bb sticky_enabled=\u00bb0&#8243;]<\/p>\n<p style=\"text-align: left;\"><span style=\"font-weight: 400;\"> Fundada en 2021, <span style=\"color: #7c52ff;\"><strong>A.D. Cleantech<\/strong><\/span> ofrece soluciones qu\u00edmicas desinfectantes sostenibles y seguras para usos industriales que abarcan desde la industria alimentaria y de prote\u00ednas animales, hasta los sectores de energ\u00eda, miner\u00eda y tratamiento de aguas.<\/span><\/p>\n<p style=\"text-align: left;\"><span style=\"font-weight: 400;\">En estos rubros, A.D. Cleantech mejora los procesos de higiene y desinfecci\u00f3n, extiende la vida \u00fatil de los alimentos y permite la reutilizaci\u00f3n del agua, todo de manera <span style=\"color: #7c52ff;\"><strong>no t\u00f3xica, biodegradable<\/strong><\/span> y con un rendimiento superior a los desinfectantes industriales tradicionales a base de cloro o amon\u00edaco.<\/span><\/p>\n<p style=\"text-align: left;\"><span style=\"font-weight: 400;\">La empresa presta servicios a cientos de clientes B2B en diversas industrias, incluyendo a<span style=\"color: #7c52ff;\"><strong> Dole y Cermaq<\/strong><\/span> en el sector alimentario, as\u00ed como a SQM y Abastible en los sectores de miner\u00eda y energ\u00eda.<\/span><\/p>\n<h4><span style=\"font-size: small;\">\u00a1Nuestra tecnolog\u00eda salva vidas, por ello tenemos la obligaci\u00f3n de llevarla a todo el mundo!<\/span><\/h4>\n<p>[\/et_pb_testimonial][et_pb_image src=\u00bbhttps:\/\/adcleantech.com\/wp-content\/uploads\/2023\/11\/iso-9001-2015.jpg\u00bb url=\u00bbhttps:\/\/adcleantech.com\/wp-content\/uploads\/2023\/11\/ADCLEAN-SPA-9001.pdf\u00bb url_new_window=\u00bbon\u00bb _builder_version=\u00bb4.23.1&#8243; _module_preset=\u00bbdefault\u00bb width=\u00bb20%\u00bb width_tablet=\u00bb30%\u00bb width_phone=\u00bb30%\u00bb width_last_edited=\u00bbon|desktop\u00bb max_width=\u00bb70%\u00bb module_alignment=\u00bbcenter\u00bb global_colors_info=\u00bb{}\u00bb][\/et_pb_image][\/et_pb_column][\/et_pb_row][\/et_pb_section]<\/p>\n","protected":false},"excerpt":{"rendered":"<p>Somos el \u00e1rea de soluciones industriales de AdClean, dedicados a desarrollar soluciones industriales basadas en tecnolog\u00edas innovadoras que revolucionan los productos qu\u00edmicos tradicionales. Ofrecemos alternativas seguras y poderosas al cloro, alcohol, soda c\u00e1ustica y amonio cuaternario. Nuestras avanzadas tecnolog\u00edas superan los est\u00e1ndares tradicionales en sostenibilidad, eficiencia y seguridad, permitiendo a las grandes empresas reducir costos [&hellip;]<\/p>\n","protected":false},"author":2,"featured_media":0,"parent":0,"menu_order":0,"comment_status":"closed","ping_status":"closed","template":"","meta":{"_et_pb_use_builder":"on","_et_pb_old_content":"","_et_gb_content_width":"","footnotes":""},"class_list":["post-1309","page","type-page","status-publish","hentry"],"yoast_head":"<!-- This site is optimized with the Yoast SEO plugin v27.5 - https:\/\/yoast.com\/product\/yoast-seo-wordpress\/ -->\n<title>Nosotros - AdTech<\/title>\n<meta name=\"robots\" content=\"index, follow, max-snippet:-1, max-image-preview:large, max-video-preview:-1\" \/>\n<link rel=\"canonical\" href=\"https:\/\/adcleantech.com\/en\/nosotros\/\" \/>\n<meta property=\"og:locale\" content=\"en_US\" \/>\n<meta property=\"og:type\" content=\"article\" \/>\n<meta property=\"og:title\" content=\"Nosotros - AdTech\" \/>\n<meta property=\"og:description\" content=\"Somos el \u00e1rea de soluciones industriales de AdClean, dedicados a desarrollar soluciones industriales basadas en tecnolog\u00edas innovadoras que revolucionan los productos qu\u00edmicos tradicionales. Ofrecemos alternativas seguras y poderosas al cloro, alcohol, soda c\u00e1ustica y amonio cuaternario. Nuestras avanzadas tecnolog\u00edas superan los est\u00e1ndares tradicionales en sostenibilidad, eficiencia y seguridad, permitiendo a las grandes empresas reducir costos [&hellip;]\" \/>\n<meta property=\"og:url\" content=\"https:\/\/adcleantech.com\/en\/nosotros\/\" \/>\n<meta property=\"og:site_name\" content=\"AdTech\" \/>\n<meta property=\"article:publisher\" content=\"https:\/\/web.facebook.com\/mundoadclean\/\" \/>\n<meta property=\"article:modified_time\" content=\"2025-12-23T18:16:32+00:00\" \/>\n<meta name=\"twitter:card\" content=\"summary_large_image\" \/>\n<script type=\"application\/ld+json\" class=\"yoast-schema-graph\">{\"@context\":\"https:\\\/\\\/schema.org\",\"@graph\":[{\"@type\":\"WebPage\",\"@id\":\"https:\\\/\\\/adcleantech.com\\\/nosotros\\\/\",\"url\":\"https:\\\/\\\/adcleantech.com\\\/nosotros\\\/\",\"name\":\"Nosotros - AdTech\",\"isPartOf\":{\"@id\":\"https:\\\/\\\/adcleantech.com\\\/#website\"},\"datePublished\":\"2023-09-11T21:44:35+00:00\",\"dateModified\":\"2025-12-23T18:16:32+00:00\",\"breadcrumb\":{\"@id\":\"https:\\\/\\\/adcleantech.com\\\/nosotros\\\/#breadcrumb\"},\"inLanguage\":\"en-US\",\"potentialAction\":[{\"@type\":\"ReadAction\",\"target\":[\"https:\\\/\\\/adcleantech.com\\\/nosotros\\\/\"]}]},{\"@type\":\"BreadcrumbList\",\"@id\":\"https:\\\/\\\/adcleantech.com\\\/nosotros\\\/#breadcrumb\",\"itemListElement\":[{\"@type\":\"ListItem\",\"position\":1,\"name\":\"Home\",\"item\":\"https:\\\/\\\/adcleantech.com\\\/\"},{\"@type\":\"ListItem\",\"position\":2,\"name\":\"Nosotros\"}]},{\"@type\":\"WebSite\",\"@id\":\"https:\\\/\\\/adcleantech.com\\\/#website\",\"url\":\"https:\\\/\\\/adcleantech.com\\\/\",\"name\":\"AdCleantech\",\"description\":\"L\u00edderes en eliminaci\u00f3n de pat\u00f3genos\",\"publisher\":{\"@id\":\"https:\\\/\\\/adcleantech.com\\\/#organization\"},\"potentialAction\":[{\"@type\":\"SearchAction\",\"target\":{\"@type\":\"EntryPoint\",\"urlTemplate\":\"https:\\\/\\\/adcleantech.com\\\/?s={search_term_string}\"},\"query-input\":{\"@type\":\"PropertyValueSpecification\",\"valueRequired\":true,\"valueName\":\"search_term_string\"}}],\"inLanguage\":\"en-US\"},{\"@type\":\"Organization\",\"@id\":\"https:\\\/\\\/adcleantech.com\\\/#organization\",\"name\":\"AdTech\",\"url\":\"https:\\\/\\\/adcleantech.com\\\/\",\"logo\":{\"@type\":\"ImageObject\",\"inLanguage\":\"en-US\",\"@id\":\"https:\\\/\\\/adcleantech.com\\\/#\\\/schema\\\/logo\\\/image\\\/\",\"url\":\"https:\\\/\\\/adcleantech.com\\\/wp-content\\\/uploads\\\/2023\\\/09\\\/logo-adtech-home.png\",\"contentUrl\":\"https:\\\/\\\/adcleantech.com\\\/wp-content\\\/uploads\\\/2023\\\/09\\\/logo-adtech-home.png\",\"width\":1123,\"height\":181,\"caption\":\"AdTech\"},\"image\":{\"@id\":\"https:\\\/\\\/adcleantech.com\\\/#\\\/schema\\\/logo\\\/image\\\/\"},\"sameAs\":[\"https:\\\/\\\/web.facebook.com\\\/mundoadclean\\\/\",\"https:\\\/\\\/www.linkedin.com\\\/company\\\/adclean\\\/\"]}]}<\/script>\n<!-- \/ Yoast SEO plugin. -->","yoast_head_json":{"title":"Nosotros - AdTech","robots":{"index":"index","follow":"follow","max-snippet":"max-snippet:-1","max-image-preview":"max-image-preview:large","max-video-preview":"max-video-preview:-1"},"canonical":"https:\/\/adcleantech.com\/en\/nosotros\/","og_locale":"en_US","og_type":"article","og_title":"Nosotros - AdTech","og_description":"Somos el \u00e1rea de soluciones industriales de AdClean, dedicados a desarrollar soluciones industriales basadas en tecnolog\u00edas innovadoras que revolucionan los productos qu\u00edmicos tradicionales. Ofrecemos alternativas seguras y poderosas al cloro, alcohol, soda c\u00e1ustica y amonio cuaternario. Nuestras avanzadas tecnolog\u00edas superan los est\u00e1ndares tradicionales en sostenibilidad, eficiencia y seguridad, permitiendo a las grandes empresas reducir costos [&hellip;]","og_url":"https:\/\/adcleantech.com\/en\/nosotros\/","og_site_name":"AdTech","article_publisher":"https:\/\/web.facebook.com\/mundoadclean\/","article_modified_time":"2025-12-23T18:16:32+00:00","twitter_card":"summary_large_image","schema":{"@context":"https:\/\/schema.org","@graph":[{"@type":"WebPage","@id":"https:\/\/adcleantech.com\/nosotros\/","url":"https:\/\/adcleantech.com\/nosotros\/","name":"Nosotros - AdTech","isPartOf":{"@id":"https:\/\/adcleantech.com\/#website"},"datePublished":"2023-09-11T21:44:35+00:00","dateModified":"2025-12-23T18:16:32+00:00","breadcrumb":{"@id":"https:\/\/adcleantech.com\/nosotros\/#breadcrumb"},"inLanguage":"en-US","potentialAction":[{"@type":"ReadAction","target":["https:\/\/adcleantech.com\/nosotros\/"]}]},{"@type":"BreadcrumbList","@id":"https:\/\/adcleantech.com\/nosotros\/#breadcrumb","itemListElement":[{"@type":"ListItem","position":1,"name":"Home","item":"https:\/\/adcleantech.com\/"},{"@type":"ListItem","position":2,"name":"Nosotros"}]},{"@type":"WebSite","@id":"https:\/\/adcleantech.com\/#website","url":"https:\/\/adcleantech.com\/","name":"AdCleantech","description":"Leaders in pathogen elimination","publisher":{"@id":"https:\/\/adcleantech.com\/#organization"},"potentialAction":[{"@type":"SearchAction","target":{"@type":"EntryPoint","urlTemplate":"https:\/\/adcleantech.com\/?s={search_term_string}"},"query-input":{"@type":"PropertyValueSpecification","valueRequired":true,"valueName":"search_term_string"}}],"inLanguage":"en-US"},{"@type":"Organization","@id":"https:\/\/adcleantech.com\/#organization","name":"AdTech","url":"https:\/\/adcleantech.com\/","logo":{"@type":"ImageObject","inLanguage":"en-US","@id":"https:\/\/adcleantech.com\/#\/schema\/logo\/image\/","url":"https:\/\/adcleantech.com\/wp-content\/uploads\/2023\/09\/logo-adtech-home.png","contentUrl":"https:\/\/adcleantech.com\/wp-content\/uploads\/2023\/09\/logo-adtech-home.png","width":1123,"height":181,"caption":"AdTech"},"image":{"@id":"https:\/\/adcleantech.com\/#\/schema\/logo\/image\/"},"sameAs":["https:\/\/web.facebook.com\/mundoadclean\/","https:\/\/www.linkedin.com\/company\/adclean\/"]}]}},"_links":{"self":[{"href":"https:\/\/adcleantech.com\/en\/wp-json\/wp\/v2\/pages\/1309","targetHints":{"allow":["GET"]}}],"collection":[{"href":"https:\/\/adcleantech.com\/en\/wp-json\/wp\/v2\/pages"}],"about":[{"href":"https:\/\/adcleantech.com\/en\/wp-json\/wp\/v2\/types\/page"}],"author":[{"embeddable":true,"href":"https:\/\/adcleantech.com\/en\/wp-json\/wp\/v2\/users\/2"}],"replies":[{"embeddable":true,"href":"https:\/\/adcleantech.com\/en\/wp-json\/wp\/v2\/comments?post=1309"}],"version-history":[{"count":10,"href":"https:\/\/adcleantech.com\/en\/wp-json\/wp\/v2\/pages\/1309\/revisions"}],"predecessor-version":[{"id":2901,"href":"https:\/\/adcleantech.com\/en\/wp-json\/wp\/v2\/pages\/1309\/revisions\/2901"}],"wp:attachment":[{"href":"https:\/\/adcleantech.com\/en\/wp-json\/wp\/v2\/media?parent=1309"}],"curies":[{"name":"wp","href":"https:\/\/api.w.org\/{rel}","templated":true}]}}