{"id":1063,"date":"2023-09-08T15:29:07","date_gmt":"2023-09-08T18:29:07","guid":{"rendered":"https:\/\/adcleantech.com\/?page_id=1063"},"modified":"2023-09-25T19:04:07","modified_gmt":"2023-09-25T22:04:07","slug":"industrial","status":"publish","type":"page","link":"https:\/\/adcleantech.com\/en\/industrial\/","title":{"rendered":"Industrial"},"content":{"rendered":"<p>[et_pb_section fb_built=\u00bb1&#8243; admin_label=\u00bbHero\u00bb _builder_version=\u00bb4.22.1&#8243; use_background_color_gradient=\u00bbon\u00bb background_color_gradient_stops=\u00bbrgba(58,52,226,0.4) 0%|rgba(73,108,220,0.7) 100%\u00bb background_color_gradient_overlays_image=\u00bbon\u00bb background_color_gradient_start=\u00bbrgba(0,0,0,0.5)\u00bb background_color_gradient_end=\u00bbrgba(0,0,0,0)\u00bb background_image=\u00bbhttps:\/\/adcleantech.com\/wp-content\/uploads\/2023\/09\/industrial.png\u00bb height=\u00bb400px\u00bb custom_margin=\u00bb|||\u00bb custom_padding=\u00bb80px||80px||true|false\u00bb bottom_divider_color=\u00bb#ffffff\u00bb bottom_divider_flip=\u00bbhorizontal\u00bb animation_style=\u00bbslide\u00bb animation_direction=\u00bbtop\u00bb animation_intensity_slide=\u00bb5%\u00bb animation_starting_opacity=\u00bb100%\u00bb global_colors_info=\u00bb{}\u00bb][et_pb_row column_structure=\u00bb3_4,1_4&#8243; _builder_version=\u00bb4.16&#8243; background_size=\u00bbinitial\u00bb background_position=\u00bbtop_left\u00bb background_repeat=\u00bbrepeat\u00bb custom_padding=\u00bb||||false|false\u00bb global_colors_info=\u00bb{}\u00bb][et_pb_column type=\u00bb3_4&#8243; _builder_version=\u00bb4.16&#8243; custom_padding=\u00bb|||\u00bb global_colors_info=\u00bb{}\u00bb custom_padding__hover=\u00bb|||\u00bb][et_pb_text admin_label=\u00bbTitle\u00bb _builder_version=\u00bb4.22.1&#8243; text_font=\u00bb||||||||\u00bb header_font=\u00bbBrandon Grotesque Black|600|||||||\u00bb header_font_size=\u00bb80px\u00bb header_line_height=\u00bb1.2em\u00bb background_layout=\u00bbdark\u00bb animation_style=\u00bbzoom\u00bb animation_direction=\u00bbleft\u00bb animation_intensity_zoom=\u00bb10%\u00bb header_font_size_tablet=\u00bb\u00bb header_font_size_phone=\u00bb40px\u00bb header_font_size_last_edited=\u00bbon|phone\u00bb global_colors_info=\u00bb{}\u00bb]<\/p>\n<h1>INDUSTRIAL<\/h1>\n<p>[\/et_pb_text][et_pb_divider color=\u00bbrgba(255,255,255,0.7)\u00bb divider_weight=\u00bb3px\u00bb _builder_version=\u00bb4.16&#8243; max_width=\u00bb120px\u00bb animation_style=\u00bbzoom\u00bb animation_direction=\u00bbleft\u00bb global_colors_info=\u00bb{}\u00bb][\/et_pb_divider][\/et_pb_column][et_pb_column type=\u00bb1_4&#8243; _builder_version=\u00bb4.16&#8243; custom_padding=\u00bb|||\u00bb global_colors_info=\u00bb{}\u00bb custom_padding__hover=\u00bb|||\u00bb][\/et_pb_column][\/et_pb_row][\/et_pb_section][et_pb_section fb_built=\u00bb1&#8243; admin_label=\u00bbResources\u00bb _builder_version=\u00bb4.16&#8243; custom_margin=\u00bb|||\u00bb custom_padding=\u00bb||2px|||\u00bb global_colors_info=\u00bb{}\u00bb][et_pb_row _builder_version=\u00bb4.16&#8243; global_colors_info=\u00bb{}\u00bb][et_pb_column type=\u00bb4_4&#8243; _builder_version=\u00bb4.16&#8243; custom_padding=\u00bb|||\u00bb global_colors_info=\u00bb{}\u00bb custom_padding__hover=\u00bb|||\u00bb][et_pb_text _builder_version=\u00bb4.22.1&#8243; _module_preset=\u00bbdefault\u00bb global_colors_info=\u00bb{}\u00bb]<\/p>\n<p><span style=\"font-weight: 400;\">El \u00e1rea industrial se dedica a la producci\u00f3n y fabricaci\u00f3n de bienes y equipos utilizados en diversos sectores econ\u00f3micos.<\/span><\/p>\n<p><span style=\"font-weight: 400;\">Engloba una amplia gama de actividades, desde la producci\u00f3n de maquinaria y equipos hasta la fabricaci\u00f3n de productos qu\u00edmicos, metales, pl\u00e1sticos, electr\u00f3nica y muchos otros productos.\u00a0<\/span><span style=\"color: #7c52ff;\"><strong>Su enfoque principal es la eficiencia en la producci\u00f3n, la calidad del producto y la optimizaci\u00f3n de los procesos industriales.\u00a0<\/strong><\/span><\/p>\n<p><span style=\"font-weight: 400;\">El \u00e1rea industrial es fundamental para el desarrollo econ\u00f3mico y la generaci\u00f3n de empleo, contribuyendo al avance tecnol\u00f3gico y a la innovaci\u00f3n en diferentes campos.<\/span><\/p>\n<p>[\/et_pb_text][\/et_pb_column][\/et_pb_row][\/et_pb_section][et_pb_section fb_built=\u00bb1&#8243; specialty=\u00bbon\u00bb admin_label=\u00bbAll Courses\u00bb _builder_version=\u00bb4.16&#8243; custom_padding=\u00bb54px|0px|100px|0px||\u00bb global_colors_info=\u00bb{}\u00bb][et_pb_column type=\u00bb1_3&#8243; _builder_version=\u00bb4.16&#8243; custom_padding=\u00bb|||\u00bb global_colors_info=\u00bb{}\u00bb parallax__hover=\u00bboff\u00bb parallax_method__hover=\u00bbon\u00bb custom_padding__hover=\u00bb|||\u00bb][et_pb_text _builder_version=\u00bb4.22.1&#8243; _module_preset=\u00bbdefault\u00bb header_font_size=\u00bb39px\u00bb header_line_height=\u00bb0.9em\u00bb custom_margin=\u00bb-30px||||false|false\u00bb global_colors_info=\u00bb{}\u00bb]<\/p>\n<h1>ADTECH EN EL <span style=\"color: #7c52ff;\">\u00c1REA INDUSTRIAL<\/span><\/h1>\n<p>[\/et_pb_text][et_pb_divider color=\u00bb#09e1c0&#8243; divider_weight=\u00bb4px\u00bb disabled_on=\u00bbon|on|off\u00bb _builder_version=\u00bb4.16&#8243; background_size=\u00bbinitial\u00bb background_position=\u00bbtop_left\u00bb background_repeat=\u00bbrepeat\u00bb max_width=\u00bb40px\u00bb module_alignment=\u00bbleft\u00bb custom_margin=\u00bb||10px|\u00bb animation_style=\u00bbzoom\u00bb animation_direction=\u00bbleft\u00bb saved_tabs=\u00bball\u00bb locked=\u00bboff\u00bb global_colors_info=\u00bb{}\u00bb][\/et_pb_divider][\/et_pb_column][et_pb_column type=\u00bb2_3&#8243; specialty_columns=\u00bb2&#8243; _builder_version=\u00bb4.16&#8243; custom_padding=\u00bb|||\u00bb global_colors_info=\u00bb{}\u00bb parallax__hover=\u00bboff\u00bb parallax_method__hover=\u00bbon\u00bb custom_padding__hover=\u00bb|||\u00bb][et_pb_row_inner use_custom_gutter=\u00bbon\u00bb gutter_width=\u00bb1&#8243; _builder_version=\u00bb4.22.1&#8243; custom_margin=\u00bb||||false|false\u00bb custom_padding=\u00bb0px|0px|0px|0px\u00bb animation_style=\u00bbzoom\u00bb animation_intensity_zoom=\u00bb6%\u00bb global_colors_info=\u00bb{}\u00bb][et_pb_column_inner saved_specialty_column_type=\u00bb2_3&#8243; module_class=\u00bbet_pb_column_1_2&#8243; _builder_version=\u00bb4.16&#8243; custom_padding=\u00bb|||\u00bb global_colors_info=\u00bb{}\u00bb parallax__hover=\u00bboff\u00bb parallax_method__hover=\u00bbon\u00bb module_class__hover=\u00bbet_pb_column_1_2&#8243; custom_padding__hover=\u00bb|||\u00bb][et_pb_blurb title=\u00bbINDUSTRIA DE ASEO\u00bb icon_placement=\u00bbleft\u00bb image_icon_width=\u00bb64px\u00bb content_max_width=\u00bb1100px\u00bb _builder_version=\u00bb4.22.1&#8243; header_font=\u00bb|on|||\u00bb header_text_color=\u00bb#2e2545&#8243; header_line_height=\u00bb1.5em\u00bb body_text_color=\u00bb#000000&#8243; body_line_height=\u00bb1.3em\u00bb background_color=\u00bbrgba(102,102,102,0.21)\u00bb min_height=\u00bb106.2px\u00bb custom_margin=\u00bb|||\u00bb custom_padding=\u00bb30px|30px|30px|30px|false|false\u00bb animation_style=\u00bbzoom\u00bb animation_direction=\u00bbbottom\u00bb animation_intensity_zoom=\u00bb20%\u00bb animation_starting_opacity=\u00bb100%\u00bb box_shadow_style=\u00bbpreset7&#8243; box_shadow_horizontal=\u00bb-1px\u00bb box_shadow_vertical=\u00bb-1px\u00bb box_shadow_color=\u00bbrgba(71,74,182,0.12)\u00bb image_max_width=\u00bb64px\u00bb locked=\u00bboff\u00bb global_colors_info=\u00bb{}\u00bb]<\/p>\n<p>Limpieza regular de oficinas, gesti\u00f3n de residuos y mantenimiento de sistemas de climatizaci\u00f3n.<\/p>\n<p>[\/et_pb_blurb][et_pb_text _builder_version=\u00bb4.22.2&#8243; _dynamic_attributes=\u00bblink_option_url\u00bb _module_preset=\u00bbdefault\u00bb text_text_color=\u00bb#FFFFFF\u00bb header_font_size=\u00bb32px\u00bb header_6_font=\u00bb|300|||||||\u00bb header_6_text_color=\u00bb#FFFFFF\u00bb header_6_font_size=\u00bb15px\u00bb header_6_letter_spacing=\u00bb1px\u00bb background_color=\u00bb#666666&#8243; custom_margin=\u00bb|||0px|false|false\u00bb custom_padding=\u00bb20px||10px|45px|false|false\u00bb link_option_url=\u00bb@ET-DC@eyJkeW5hbWljIjp0cnVlLCJjb250ZW50IjoicG9zdF9saW5rX3VybF9wYWdlIiwic2V0dGluZ3MiOnsicG9zdF9pZCI6IjE3ODEifX0=@\u00bb hover_enabled=\u00bb0&#8243; locked=\u00bboff\u00bb global_colors_info=\u00bb{}\u00bb header_line_height__hover_enabled=\u00bbon|desktop\u00bb sticky_enabled=\u00bb0&#8243;]<\/p>\n<h6>AdTech en la Industria de ASEO\u00a0 \u25ba<\/h6>\n<p>[\/et_pb_text][\/et_pb_column_inner][\/et_pb_row_inner][et_pb_row_inner use_custom_gutter=\u00bbon\u00bb gutter_width=\u00bb1&#8243; _builder_version=\u00bb4.22.1&#8243; custom_padding=\u00bb25px|0px|0px|0px|false|false\u00bb animation_style=\u00bbzoom\u00bb animation_intensity_zoom=\u00bb6%\u00bb global_colors_info=\u00bb{}\u00bb][et_pb_column_inner saved_specialty_column_type=\u00bb2_3&#8243; module_class=\u00bbet_pb_column_1_2&#8243; _builder_version=\u00bb4.16&#8243; custom_padding=\u00bb|||\u00bb global_colors_info=\u00bb{}\u00bb parallax__hover=\u00bboff\u00bb parallax_method__hover=\u00bbon\u00bb module_class__hover=\u00bbet_pb_column_1_2&#8243; custom_padding__hover=\u00bb|||\u00bb][et_pb_blurb title=\u00bbINDUSTRIA DE METAL MEC\u00c1NICA\u00bb icon_placement=\u00bbleft\u00bb image_icon_width=\u00bb64px\u00bb content_max_width=\u00bb1100px\u00bb _builder_version=\u00bb4.22.1&#8243; header_font=\u00bb|on|||\u00bb header_text_color=\u00bb#2e2545&#8243; header_line_height=\u00bb1.5em\u00bb body_text_color=\u00bb#000000&#8243; body_line_height=\u00bb1.3em\u00bb background_color=\u00bbrgba(124,82,255,0.19)\u00bb custom_margin=\u00bb|||\u00bb custom_padding=\u00bb30px|30px|30px|30px|false|false\u00bb animation_style=\u00bbzoom\u00bb animation_direction=\u00bbbottom\u00bb animation_intensity_zoom=\u00bb20%\u00bb animation_starting_opacity=\u00bb100%\u00bb box_shadow_style=\u00bbpreset7&#8243; box_shadow_horizontal=\u00bb-1px\u00bb box_shadow_vertical=\u00bb-1px\u00bb box_shadow_color=\u00bbrgba(71,74,182,0.12)\u00bb image_max_width=\u00bb64px\u00bb locked=\u00bboff\u00bb global_colors_info=\u00bb{}\u00bb]<\/p>\n<p><span style=\"font-weight: 400;\">AdTech, una soluci\u00f3n innovadora para reemplazar solventes por tecnolog\u00edas seguras y eficientes.<\/span><\/p>\n<p>[\/et_pb_blurb][et_pb_text _builder_version=\u00bb4.22.2&#8243; _dynamic_attributes=\u00bblink_option_url\u00bb _module_preset=\u00bbdefault\u00bb text_text_color=\u00bb#FFFFFF\u00bb header_font_size=\u00bb32px\u00bb header_6_font=\u00bb|300|||||||\u00bb header_6_text_color=\u00bb#FFFFFF\u00bb header_6_font_size=\u00bb15px\u00bb header_6_letter_spacing=\u00bb1px\u00bb background_color=\u00bb#7C52FF\u00bb custom_margin=\u00bb|||0px|false|false\u00bb custom_padding=\u00bb20px||10px|45px|false|false\u00bb custom_padding_tablet=\u00bb20px||10px|45px|false|false\u00bb custom_padding_phone=\u00bb20px|20px|10px|45px|false|false\u00bb custom_padding_last_edited=\u00bbon|phone\u00bb link_option_url=\u00bb@ET-DC@eyJkeW5hbWljIjp0cnVlLCJjb250ZW50IjoicG9zdF9saW5rX3VybF9wYWdlIiwic2V0dGluZ3MiOnsicG9zdF9pZCI6IjExMTcifX0=@\u00bb hover_enabled=\u00bb0&#8243; locked=\u00bboff\u00bb global_colors_info=\u00bb{}\u00bb header_line_height__hover_enabled=\u00bbon|desktop\u00bb sticky_enabled=\u00bb0&#8243;]<\/p>\n<h6>AdTech en la Industria Metal Mec\u00e1nica\u00a0 \u25ba<\/h6>\n<p>[\/et_pb_text][\/et_pb_column_inner][\/et_pb_row_inner][et_pb_row_inner use_custom_gutter=\u00bbon\u00bb gutter_width=\u00bb1&#8243; _builder_version=\u00bb4.22.1&#8243; custom_margin=\u00bb25px||||false|false\u00bb custom_padding=\u00bb0px|0px|0px|0px\u00bb animation_style=\u00bbzoom\u00bb animation_intensity_zoom=\u00bb6%\u00bb global_colors_info=\u00bb{}\u00bb][et_pb_column_inner saved_specialty_column_type=\u00bb2_3&#8243; module_class=\u00bbet_pb_column_1_2&#8243; _builder_version=\u00bb4.16&#8243; custom_padding=\u00bb|||\u00bb global_colors_info=\u00bb{}\u00bb parallax__hover=\u00bboff\u00bb parallax_method__hover=\u00bbon\u00bb module_class__hover=\u00bbet_pb_column_1_2&#8243; custom_padding__hover=\u00bb|||\u00bb][et_pb_blurb title=\u00bbINDUSTRIA DE RESIDUOS\u00bb icon_placement=\u00bbleft\u00bb image_icon_width=\u00bb64px\u00bb content_max_width=\u00bb1100px\u00bb _builder_version=\u00bb4.22.1&#8243; header_font=\u00bb|on|||\u00bb header_text_color=\u00bb#2e2545&#8243; header_line_height=\u00bb1.5em\u00bb body_text_color=\u00bb#000000&#8243; body_line_height=\u00bb1.3em\u00bb background_color=\u00bbrgba(102,102,102,0.21)\u00bb min_height=\u00bb106.2px\u00bb custom_margin=\u00bb|||\u00bb custom_padding=\u00bb30px|30px|30px|30px|false|false\u00bb animation_style=\u00bbzoom\u00bb animation_direction=\u00bbbottom\u00bb animation_intensity_zoom=\u00bb20%\u00bb animation_starting_opacity=\u00bb100%\u00bb box_shadow_style=\u00bbpreset7&#8243; box_shadow_horizontal=\u00bb-1px\u00bb box_shadow_vertical=\u00bb-1px\u00bb box_shadow_color=\u00bbrgba(71,74,182,0.12)\u00bb image_max_width=\u00bb64px\u00bb locked=\u00bboff\u00bb global_colors_info=\u00bb{}\u00bb]<\/p>\n<p><span style=\"font-weight: 400;\">Soluciones de limpieza, desinfecci\u00f3n y eliminaci\u00f3n de olores efectiva sin causar da\u00f1o a las personas ni al medio ambiente.<\/span><\/p>\n<p>[\/et_pb_blurb][et_pb_text _builder_version=\u00bb4.22.2&#8243; _dynamic_attributes=\u00bblink_option_url\u00bb _module_preset=\u00bbdefault\u00bb text_text_color=\u00bb#FFFFFF\u00bb header_font_size=\u00bb32px\u00bb header_6_font=\u00bb|300|||||||\u00bb header_6_text_color=\u00bb#FFFFFF\u00bb header_6_font_size=\u00bb15px\u00bb header_6_letter_spacing=\u00bb1px\u00bb background_color=\u00bb#666666&#8243; custom_margin=\u00bb|||0px|false|false\u00bb custom_padding=\u00bb20px||10px|45px|false|false\u00bb link_option_url=\u00bb@ET-DC@eyJkeW5hbWljIjp0cnVlLCJjb250ZW50IjoicG9zdF9saW5rX3VybF9wYWdlIiwic2V0dGluZ3MiOnsicG9zdF9pZCI6IjExMzcifX0=@\u00bb hover_enabled=\u00bb0&#8243; locked=\u00bboff\u00bb global_colors_info=\u00bb{}\u00bb header_line_height__hover_enabled=\u00bbon|desktop\u00bb sticky_enabled=\u00bb0&#8243;]<\/p>\n<h6>AdTech en la Industria de Residuos\u00a0 \u25ba<\/h6>\n<p>[\/et_pb_text][\/et_pb_column_inner][\/et_pb_row_inner][et_pb_row_inner use_custom_gutter=\u00bbon\u00bb gutter_width=\u00bb1&#8243; _builder_version=\u00bb4.22.1&#8243; custom_margin=\u00bb25px||||false|false\u00bb custom_padding=\u00bb0px|0px|0px|0px\u00bb animation_style=\u00bbzoom\u00bb animation_intensity_zoom=\u00bb6%\u00bb global_colors_info=\u00bb{}\u00bb][et_pb_column_inner saved_specialty_column_type=\u00bb2_3&#8243; module_class=\u00bbet_pb_column_1_2&#8243; _builder_version=\u00bb4.16&#8243; custom_padding=\u00bb|||\u00bb global_colors_info=\u00bb{}\u00bb parallax__hover=\u00bboff\u00bb parallax_method__hover=\u00bbon\u00bb module_class__hover=\u00bbet_pb_column_1_2&#8243; custom_padding__hover=\u00bb|||\u00bb][et_pb_blurb title=\u00bbINDUSTRIA DE CONTENEDORES\u00bb icon_placement=\u00bbleft\u00bb image_icon_width=\u00bb64px\u00bb content_max_width=\u00bb1100px\u00bb _builder_version=\u00bb4.22.1&#8243; header_font=\u00bb|on|||\u00bb header_text_color=\u00bb#2e2545&#8243; header_line_height=\u00bb1.5em\u00bb body_text_color=\u00bb#000000&#8243; body_line_height=\u00bb1.3em\u00bb background_color=\u00bbrgba(124,82,255,0.19)\u00bb min_height=\u00bb106.2px\u00bb custom_margin=\u00bb|||\u00bb custom_padding=\u00bb30px|30px|30px|30px|false|false\u00bb animation_style=\u00bbzoom\u00bb animation_direction=\u00bbbottom\u00bb animation_intensity_zoom=\u00bb20%\u00bb animation_starting_opacity=\u00bb100%\u00bb box_shadow_style=\u00bbpreset7&#8243; box_shadow_horizontal=\u00bb-1px\u00bb box_shadow_vertical=\u00bb-1px\u00bb box_shadow_color=\u00bbrgba(71,74,182,0.12)\u00bb image_max_width=\u00bb64px\u00bb locked=\u00bboff\u00bb global_colors_info=\u00bb{}\u00bb]<\/p>\n<p><span style=\"font-weight: 400;\">Tecnolog\u00eda que prolonga la vida \u00fatil de contenedores gracias a soluciones que garantizan su limpieza, desinfecci\u00f3n y desodorizaci\u00f3n.<\/span><\/p>\n<p>[\/et_pb_blurb][et_pb_text _builder_version=\u00bb4.22.2&#8243; _dynamic_attributes=\u00bblink_option_url\u00bb _module_preset=\u00bbdefault\u00bb text_text_color=\u00bb#FFFFFF\u00bb header_font_size=\u00bb32px\u00bb header_6_font=\u00bb|300|||||||\u00bb header_6_text_color=\u00bb#FFFFFF\u00bb header_6_font_size=\u00bb15px\u00bb header_6_letter_spacing=\u00bb1px\u00bb background_color=\u00bb#7C52FF\u00bb custom_margin=\u00bb|||0px|false|false\u00bb custom_padding=\u00bb20px||10px|45px|false|false\u00bb link_option_url=\u00bb@ET-DC@eyJkeW5hbWljIjp0cnVlLCJjb250ZW50IjoicG9zdF9saW5rX3VybF9wYWdlIiwic2V0dGluZ3MiOnsicG9zdF9pZCI6IjEwODkifX0=@\u00bb hover_enabled=\u00bb0&#8243; locked=\u00bboff\u00bb global_colors_info=\u00bb{}\u00bb header_line_height__hover_enabled=\u00bbon|desktop\u00bb sticky_enabled=\u00bb0&#8243;]<\/p>\n<h6>AdTech en la Industria de Contenedores\u00a0 \u25ba<\/h6>\n<p>[\/et_pb_text][\/et_pb_column_inner][\/et_pb_row_inner][\/et_pb_column][\/et_pb_section]<\/p>\n","protected":false},"excerpt":{"rendered":"<p>INDUSTRIALEl \u00e1rea industrial se dedica a la producci\u00f3n y fabricaci\u00f3n de bienes y equipos utilizados en diversos sectores econ\u00f3micos. Engloba una amplia gama de actividades, desde la producci\u00f3n de maquinaria y equipos hasta la fabricaci\u00f3n de productos qu\u00edmicos, metales, pl\u00e1sticos, electr\u00f3nica y muchos otros productos.\u00a0Su enfoque principal es la eficiencia en la producci\u00f3n, la calidad [&hellip;]<\/p>\n","protected":false},"author":2,"featured_media":0,"parent":0,"menu_order":0,"comment_status":"closed","ping_status":"closed","template":"","meta":{"_et_pb_use_builder":"on","_et_pb_old_content":"","_et_gb_content_width":"","footnotes":""},"class_list":["post-1063","page","type-page","status-publish","hentry"],"yoast_head":"<!-- This site is optimized with the Yoast SEO plugin v27.4 - https:\/\/yoast.com\/product\/yoast-seo-wordpress\/ -->\n<title>Industrial - AdTech<\/title>\n<meta name=\"description\" content=\"Cambiando la manera t\u00f3xica de hacer las cosas,\" \/>\n<meta name=\"robots\" content=\"index, follow, max-snippet:-1, max-image-preview:large, max-video-preview:-1\" \/>\n<link rel=\"canonical\" href=\"https:\/\/adcleantech.com\/en\/industrial\/\" \/>\n<meta property=\"og:locale\" content=\"en_US\" \/>\n<meta property=\"og:type\" content=\"article\" \/>\n<meta property=\"og:title\" content=\"Industrial - AdTech\" \/>\n<meta property=\"og:description\" content=\"Cambiando la manera t\u00f3xica de hacer las cosas,\" \/>\n<meta property=\"og:url\" content=\"https:\/\/adcleantech.com\/en\/industrial\/\" \/>\n<meta property=\"og:site_name\" content=\"AdTech\" \/>\n<meta property=\"article:publisher\" content=\"https:\/\/web.facebook.com\/mundoadclean\/\" \/>\n<meta property=\"article:modified_time\" content=\"2023-09-25T22:04:07+00:00\" \/>\n<meta name=\"twitter:card\" content=\"summary_large_image\" \/>\n<meta name=\"twitter:label1\" content=\"Est. reading time\" \/>\n\t<meta name=\"twitter:data1\" content=\"2 minutes\" \/>\n<script type=\"application\/ld+json\" class=\"yoast-schema-graph\">{\"@context\":\"https:\\\/\\\/schema.org\",\"@graph\":[{\"@type\":\"WebPage\",\"@id\":\"https:\\\/\\\/adcleantech.com\\\/industrial\\\/\",\"url\":\"https:\\\/\\\/adcleantech.com\\\/industrial\\\/\",\"name\":\"Industrial - AdTech\",\"isPartOf\":{\"@id\":\"https:\\\/\\\/adcleantech.com\\\/#website\"},\"datePublished\":\"2023-09-08T18:29:07+00:00\",\"dateModified\":\"2023-09-25T22:04:07+00:00\",\"description\":\"Cambiando la manera t\u00f3xica de hacer las cosas,\",\"breadcrumb\":{\"@id\":\"https:\\\/\\\/adcleantech.com\\\/industrial\\\/#breadcrumb\"},\"inLanguage\":\"en-US\",\"potentialAction\":[{\"@type\":\"ReadAction\",\"target\":[\"https:\\\/\\\/adcleantech.com\\\/industrial\\\/\"]}]},{\"@type\":\"BreadcrumbList\",\"@id\":\"https:\\\/\\\/adcleantech.com\\\/industrial\\\/#breadcrumb\",\"itemListElement\":[{\"@type\":\"ListItem\",\"position\":1,\"name\":\"Home\",\"item\":\"https:\\\/\\\/adcleantech.com\\\/\"},{\"@type\":\"ListItem\",\"position\":2,\"name\":\"Industrial\"}]},{\"@type\":\"WebSite\",\"@id\":\"https:\\\/\\\/adcleantech.com\\\/#website\",\"url\":\"https:\\\/\\\/adcleantech.com\\\/\",\"name\":\"AdCleantech\",\"description\":\"L\u00edderes en eliminaci\u00f3n de pat\u00f3genos\",\"publisher\":{\"@id\":\"https:\\\/\\\/adcleantech.com\\\/#organization\"},\"potentialAction\":[{\"@type\":\"SearchAction\",\"target\":{\"@type\":\"EntryPoint\",\"urlTemplate\":\"https:\\\/\\\/adcleantech.com\\\/?s={search_term_string}\"},\"query-input\":{\"@type\":\"PropertyValueSpecification\",\"valueRequired\":true,\"valueName\":\"search_term_string\"}}],\"inLanguage\":\"en-US\"},{\"@type\":\"Organization\",\"@id\":\"https:\\\/\\\/adcleantech.com\\\/#organization\",\"name\":\"AdTech\",\"url\":\"https:\\\/\\\/adcleantech.com\\\/\",\"logo\":{\"@type\":\"ImageObject\",\"inLanguage\":\"en-US\",\"@id\":\"https:\\\/\\\/adcleantech.com\\\/#\\\/schema\\\/logo\\\/image\\\/\",\"url\":\"https:\\\/\\\/adcleantech.com\\\/wp-content\\\/uploads\\\/2023\\\/09\\\/logo-adtech-home.png\",\"contentUrl\":\"https:\\\/\\\/adcleantech.com\\\/wp-content\\\/uploads\\\/2023\\\/09\\\/logo-adtech-home.png\",\"width\":1123,\"height\":181,\"caption\":\"AdTech\"},\"image\":{\"@id\":\"https:\\\/\\\/adcleantech.com\\\/#\\\/schema\\\/logo\\\/image\\\/\"},\"sameAs\":[\"https:\\\/\\\/web.facebook.com\\\/mundoadclean\\\/\",\"https:\\\/\\\/www.linkedin.com\\\/company\\\/adclean\\\/\"]}]}<\/script>\n<!-- \/ Yoast SEO plugin. -->","yoast_head_json":{"title":"Industrial - AdTech","description":"Cambiando la manera t\u00f3xica de hacer las cosas,","robots":{"index":"index","follow":"follow","max-snippet":"max-snippet:-1","max-image-preview":"max-image-preview:large","max-video-preview":"max-video-preview:-1"},"canonical":"https:\/\/adcleantech.com\/en\/industrial\/","og_locale":"en_US","og_type":"article","og_title":"Industrial - AdTech","og_description":"Cambiando la manera t\u00f3xica de hacer las cosas,","og_url":"https:\/\/adcleantech.com\/en\/industrial\/","og_site_name":"AdTech","article_publisher":"https:\/\/web.facebook.com\/mundoadclean\/","article_modified_time":"2023-09-25T22:04:07+00:00","twitter_card":"summary_large_image","twitter_misc":{"Est. reading time":"2 minutes"},"schema":{"@context":"https:\/\/schema.org","@graph":[{"@type":"WebPage","@id":"https:\/\/adcleantech.com\/industrial\/","url":"https:\/\/adcleantech.com\/industrial\/","name":"Industrial - AdTech","isPartOf":{"@id":"https:\/\/adcleantech.com\/#website"},"datePublished":"2023-09-08T18:29:07+00:00","dateModified":"2023-09-25T22:04:07+00:00","description":"Cambiando la manera t\u00f3xica de hacer las cosas,","breadcrumb":{"@id":"https:\/\/adcleantech.com\/industrial\/#breadcrumb"},"inLanguage":"en-US","potentialAction":[{"@type":"ReadAction","target":["https:\/\/adcleantech.com\/industrial\/"]}]},{"@type":"BreadcrumbList","@id":"https:\/\/adcleantech.com\/industrial\/#breadcrumb","itemListElement":[{"@type":"ListItem","position":1,"name":"Home","item":"https:\/\/adcleantech.com\/"},{"@type":"ListItem","position":2,"name":"Industrial"}]},{"@type":"WebSite","@id":"https:\/\/adcleantech.com\/#website","url":"https:\/\/adcleantech.com\/","name":"AdCleantech","description":"Leaders in pathogen elimination","publisher":{"@id":"https:\/\/adcleantech.com\/#organization"},"potentialAction":[{"@type":"SearchAction","target":{"@type":"EntryPoint","urlTemplate":"https:\/\/adcleantech.com\/?s={search_term_string}"},"query-input":{"@type":"PropertyValueSpecification","valueRequired":true,"valueName":"search_term_string"}}],"inLanguage":"en-US"},{"@type":"Organization","@id":"https:\/\/adcleantech.com\/#organization","name":"AdTech","url":"https:\/\/adcleantech.com\/","logo":{"@type":"ImageObject","inLanguage":"en-US","@id":"https:\/\/adcleantech.com\/#\/schema\/logo\/image\/","url":"https:\/\/adcleantech.com\/wp-content\/uploads\/2023\/09\/logo-adtech-home.png","contentUrl":"https:\/\/adcleantech.com\/wp-content\/uploads\/2023\/09\/logo-adtech-home.png","width":1123,"height":181,"caption":"AdTech"},"image":{"@id":"https:\/\/adcleantech.com\/#\/schema\/logo\/image\/"},"sameAs":["https:\/\/web.facebook.com\/mundoadclean\/","https:\/\/www.linkedin.com\/company\/adclean\/"]}]}},"_links":{"self":[{"href":"https:\/\/adcleantech.com\/en\/wp-json\/wp\/v2\/pages\/1063","targetHints":{"allow":["GET"]}}],"collection":[{"href":"https:\/\/adcleantech.com\/en\/wp-json\/wp\/v2\/pages"}],"about":[{"href":"https:\/\/adcleantech.com\/en\/wp-json\/wp\/v2\/types\/page"}],"author":[{"embeddable":true,"href":"https:\/\/adcleantech.com\/en\/wp-json\/wp\/v2\/users\/2"}],"replies":[{"embeddable":true,"href":"https:\/\/adcleantech.com\/en\/wp-json\/wp\/v2\/comments?post=1063"}],"version-history":[{"count":10,"href":"https:\/\/adcleantech.com\/en\/wp-json\/wp\/v2\/pages\/1063\/revisions"}],"predecessor-version":[{"id":2097,"href":"https:\/\/adcleantech.com\/en\/wp-json\/wp\/v2\/pages\/1063\/revisions\/2097"}],"wp:attachment":[{"href":"https:\/\/adcleantech.com\/en\/wp-json\/wp\/v2\/media?parent=1063"}],"curies":[{"name":"wp","href":"https:\/\/api.w.org\/{rel}","templated":true}]}}